{"id":2189,"date":"2020-05-06T23:53:15","date_gmt":"2020-05-06T21:53:15","guid":{"rendered":"https:\/\/wannathaimassage.de\/gutschein\/?post_type=product&#038;p=2189"},"modified":"2026-01-02T11:49:17","modified_gmt":"2026-01-02T10:49:17","slug":"hot-stone-waerme-steine-massage","status":"publish","type":"product","link":"https:\/\/wannathaimassage.de\/gutschein\/produkt\/hot-stone-waerme-steine-massage","title":{"rendered":"Hot Stone W\u00e4rme Steine Massage 60\u2013120 Min"},"content":{"rendered":"<p>Die Steine werden auf die Energiepunkte entlang der Energielinie des K\u00f6rpers gelegt und k\u00f6nnen ihre W\u00e4rme an die Muskulatur abgeben. Die erzeugte W\u00e4rme beschleunigt die Blutzirkulation und demzufolge werden die Zellen und das Gewebe vermehrt mit Sauerstoff versorgt.&nbsp;<\/p>\n<div id=\"gtx-trans\" style=\"position: absolute; left: 988px; top: 71.6667px;\">\n<div class=\"gtx-trans-icon\">&nbsp;<\/div>\n<\/div>\n","protected":false},"excerpt":{"rendered":"<p>Die erzeugte W\u00e4rme beschleunigt die Blutzirkulation und demzufolge werden die Zellen und das Gewebe vermehrt mit Sauerstoff versorgt.&nbsp;<\/p>\n<div id=\"gtx-trans\" style=\"position: absolute; left: 763px; top: 37.6667px;\">\n<div class=\"gtx-trans-icon\">&nbsp;<\/div>\n<\/div>\n","protected":false},"featured_media":2229,"comment_status":"open","ping_status":"closed","template":"","meta":{"ngg_post_thumbnail":0},"product_brand":[],"product_cat":[215],"product_tag":[223,221,216,222],"class_list":{"0":"post-2189","1":"product","2":"type-product","3":"status-publish","4":"has-post-thumbnail","6":"product_cat-massage","7":"product_tag-hot-stone-massage","8":"product_tag-hot-stone-waerme-steine-massage","9":"product_tag-massage","10":"product_tag-warme-steine-massage","12":"first","13":"instock","14":"purchasable","15":"product-type-variable","16":"has-default-attributes"},"_links":{"self":[{"href":"https:\/\/wannathaimassage.de\/gutschein\/wp-json\/wp\/v2\/product\/2189","targetHints":{"allow":["GET"]}}],"collection":[{"href":"https:\/\/wannathaimassage.de\/gutschein\/wp-json\/wp\/v2\/product"}],"about":[{"href":"https:\/\/wannathaimassage.de\/gutschein\/wp-json\/wp\/v2\/types\/product"}],"replies":[{"embeddable":true,"href":"https:\/\/wannathaimassage.de\/gutschein\/wp-json\/wp\/v2\/comments?post=2189"}],"version-history":[{"count":7,"href":"https:\/\/wannathaimassage.de\/gutschein\/wp-json\/wp\/v2\/product\/2189\/revisions"}],"predecessor-version":[{"id":2567,"href":"https:\/\/wannathaimassage.de\/gutschein\/wp-json\/wp\/v2\/product\/2189\/revisions\/2567"}],"wp:featuredmedia":[{"embeddable":true,"href":"https:\/\/wannathaimassage.de\/gutschein\/wp-json\/wp\/v2\/media\/2229"}],"wp:attachment":[{"href":"https:\/\/wannathaimassage.de\/gutschein\/wp-json\/wp\/v2\/media?parent=2189"}],"wp:term":[{"taxonomy":"product_brand","embeddable":true,"href":"https:\/\/wannathaimassage.de\/gutschein\/wp-json\/wp\/v2\/product_brand?post=2189"},{"taxonomy":"product_cat","embeddable":true,"href":"https:\/\/wannathaimassage.de\/gutschein\/wp-json\/wp\/v2\/product_cat?post=2189"},{"taxonomy":"product_tag","embeddable":true,"href":"https:\/\/wannathaimassage.de\/gutschein\/wp-json\/wp\/v2\/product_tag?post=2189"}],"curies":[{"name":"wp","href":"https:\/\/api.w.org\/{rel}","templated":true}]}}